{"id":2,"date":"2024-11-05T21:15:17","date_gmt":"2024-11-05T21:15:17","guid":{"rendered":"https:\/\/erinnerungs-studie.de\/?page_id=2"},"modified":"2025-03-07T08:33:39","modified_gmt":"2025-03-07T08:33:39","slug":"sample-page","status":"publish","type":"page","link":"https:\/\/erinnerungs-studie.de\/","title":{"rendered":"ZeitzeugInnen gesucht: Teilen Sie Ihre Erinnerungen an die Durchf\u00fchrung von Schwangerschaftsabbr\u00fcchen 1960-1979 mit uns\u2026"},"content":{"rendered":"\n<figure class=\"wp-block-image size-full\"><img loading=\"lazy\" decoding=\"async\" width=\"1240\" height=\"1748\" src=\"https:\/\/erinnerungs-studie.de\/wp-content\/uploads\/2025\/02\/FlyerZeitzeugInnenFeb25.jpg\" alt=\"\" class=\"wp-image-26\" srcset=\"https:\/\/erinnerungs-studie.de\/wp-content\/uploads\/2025\/02\/FlyerZeitzeugInnenFeb25.jpg 1240w, https:\/\/erinnerungs-studie.de\/wp-content\/uploads\/2025\/02\/FlyerZeitzeugInnenFeb25-213x300.jpg 213w, https:\/\/erinnerungs-studie.de\/wp-content\/uploads\/2025\/02\/FlyerZeitzeugInnenFeb25-726x1024.jpg 726w, https:\/\/erinnerungs-studie.de\/wp-content\/uploads\/2025\/02\/FlyerZeitzeugInnenFeb25-768x1083.jpg 768w, https:\/\/erinnerungs-studie.de\/wp-content\/uploads\/2025\/02\/FlyerZeitzeugInnenFeb25-1090x1536.jpg 1090w\" sizes=\"auto, (max-width: 1240px) 100vw, 1240px\" \/><\/figure>\n\n\n\n<figure class=\"wp-block-image size-full\"><img loading=\"lazy\" decoding=\"async\" width=\"1240\" height=\"1748\" src=\"https:\/\/erinnerungs-studie.de\/wp-content\/uploads\/2025\/03\/ZeitzeugInnenSeite2.jpg\" alt=\"\" class=\"wp-image-33\" srcset=\"https:\/\/erinnerungs-studie.de\/wp-content\/uploads\/2025\/03\/ZeitzeugInnenSeite2.jpg 1240w, https:\/\/erinnerungs-studie.de\/wp-content\/uploads\/2025\/03\/ZeitzeugInnenSeite2-213x300.jpg 213w, https:\/\/erinnerungs-studie.de\/wp-content\/uploads\/2025\/03\/ZeitzeugInnenSeite2-726x1024.jpg 726w, https:\/\/erinnerungs-studie.de\/wp-content\/uploads\/2025\/03\/ZeitzeugInnenSeite2-768x1083.jpg 768w, https:\/\/erinnerungs-studie.de\/wp-content\/uploads\/2025\/03\/ZeitzeugInnenSeite2-1090x1536.jpg 1090w\" sizes=\"auto, (max-width: 1240px) 100vw, 1240px\" \/><\/figure>\n\n\n\n<p>Hier k\u00f6nnen Sie den Flyer als <a href=\"https:\/\/erinnerungs-studie.de\/wp-content\/uploads\/2025\/02\/Flyer_ZeitzeugInnenFeb25-1.pdf\">PDF <\/a>downloaden. <\/p>\n\n\n\n<p>Hier entsteht die Internetpr\u00e4senz f\u00fcr das Forschungsprojekt (Promotion) von<br>Maren Lange &nbsp;<br>Interdisziplin\u00e4res Zentrum f\u00fcr Geschlechterforschung &nbsp;<br>Universtit\u00e4t Bielefeld.<br>Link zur Seite von <a href=\"https:\/\/ekvv.uni-bielefeld.de\/pers_publ\/publ\/PersonDetail.jsp?personId=472277421&amp;lang=DE\" data-type=\"link\" data-id=\"https:\/\/ekvv.uni-bielefeld.de\/pers_publ\/publ\/PersonDetail.jsp?personId=472277421&amp;lang=DE\">Maren Lange<\/a> bei der Universit\u00e4t Bielefeld &nbsp;<br><\/p>\n\n\n\n<p><br><br> &nbsp;<br><\/p>\n\n\n\n<p><\/p>\n\n\n\n<p><br><\/p>\n\n\n\n<p><\/p>\n","protected":false},"excerpt":{"rendered":"<p>Hier k\u00f6nnen Sie den Flyer als PDF downloaden. Hier entsteht die Internetpr\u00e4senz f\u00fcr das Forschungsprojekt (Promotion) vonMaren Lange &nbsp;Interdisziplin\u00e4res Zentrum f\u00fcr Geschlechterforschung &nbsp;Universtit\u00e4t Bielefeld.Link zur Seite von Maren Lange bei der Universit\u00e4t Bielefeld &nbsp; &nbsp;<\/p>\n","protected":false},"author":1,"featured_media":0,"parent":0,"menu_order":0,"comment_status":"closed","ping_status":"open","template":"","meta":{"footnotes":""},"class_list":["post-2","page","type-page","status-publish","hentry"],"_links":{"self":[{"href":"https:\/\/erinnerungs-studie.de\/index.php\/wp-json\/wp\/v2\/pages\/2","targetHints":{"allow":["GET"]}}],"collection":[{"href":"https:\/\/erinnerungs-studie.de\/index.php\/wp-json\/wp\/v2\/pages"}],"about":[{"href":"https:\/\/erinnerungs-studie.de\/index.php\/wp-json\/wp\/v2\/types\/page"}],"author":[{"embeddable":true,"href":"https:\/\/erinnerungs-studie.de\/index.php\/wp-json\/wp\/v2\/users\/1"}],"replies":[{"embeddable":true,"href":"https:\/\/erinnerungs-studie.de\/index.php\/wp-json\/wp\/v2\/comments?post=2"}],"version-history":[{"count":5,"href":"https:\/\/erinnerungs-studie.de\/index.php\/wp-json\/wp\/v2\/pages\/2\/revisions"}],"predecessor-version":[{"id":34,"href":"https:\/\/erinnerungs-studie.de\/index.php\/wp-json\/wp\/v2\/pages\/2\/revisions\/34"}],"wp:attachment":[{"href":"https:\/\/erinnerungs-studie.de\/index.php\/wp-json\/wp\/v2\/media?parent=2"}],"curies":[{"name":"wp","href":"https:\/\/api.w.org\/{rel}","templated":true}]}}